{"id":115,"date":"2023-12-06T10:49:00","date_gmt":"2023-12-06T10:49:00","guid":{"rendered":"https:\/\/nannosuromastyxs.net\/?page_id=115"},"modified":"2025-03-26T17:08:07","modified_gmt":"2025-03-26T17:08:07","slug":"terraarion-valaistus","status":"publish","type":"page","link":"https:\/\/nannosuromastyxs.net\/?page_id=115","title":{"rendered":"Terraarion valaistus"},"content":{"rendered":"\n<h3 class=\"wp-block-heading\">T\u00e4yden spektrin valaistus<\/h3>\n\n\n\n<p>Terraarion oikeanlainen valaistus on yksi t\u00e4rkeimmist\u00e4 matelijoiden hyvinvointiin vaikuttavista tekij\u00f6ist\u00e4. <\/p>\n","protected":false},"excerpt":{"rendered":"<p>T\u00e4yden spektrin valaistus Terraarion oikeanlainen valaistus on yksi t\u00e4rkeimmist\u00e4 matelijoiden hyvinvointiin vaikuttavista tekij\u00f6ist\u00e4.<\/p>\n","protected":false},"author":1,"featured_media":307,"parent":0,"menu_order":0,"comment_status":"closed","ping_status":"closed","template":"","meta":{"neve_meta_sidebar":"","neve_meta_container":"","neve_meta_enable_content_width":"","neve_meta_content_width":0,"neve_meta_title_alignment":"","neve_meta_author_avatar":"","neve_post_elements_order":"","neve_meta_disable_header":"","neve_meta_disable_footer":"","neve_meta_disable_title":"","footnotes":""},"class_list":["post-115","page","type-page","status-publish","has-post-thumbnail","hentry"],"jetpack_sharing_enabled":true,"_links":{"self":[{"href":"https:\/\/nannosuromastyxs.net\/index.php?rest_route=\/wp\/v2\/pages\/115","targetHints":{"allow":["GET"]}}],"collection":[{"href":"https:\/\/nannosuromastyxs.net\/index.php?rest_route=\/wp\/v2\/pages"}],"about":[{"href":"https:\/\/nannosuromastyxs.net\/index.php?rest_route=\/wp\/v2\/types\/page"}],"author":[{"embeddable":true,"href":"https:\/\/nannosuromastyxs.net\/index.php?rest_route=\/wp\/v2\/users\/1"}],"replies":[{"embeddable":true,"href":"https:\/\/nannosuromastyxs.net\/index.php?rest_route=%2Fwp%2Fv2%2Fcomments&post=115"}],"version-history":[{"count":2,"href":"https:\/\/nannosuromastyxs.net\/index.php?rest_route=\/wp\/v2\/pages\/115\/revisions"}],"predecessor-version":[{"id":309,"href":"https:\/\/nannosuromastyxs.net\/index.php?rest_route=\/wp\/v2\/pages\/115\/revisions\/309"}],"wp:featuredmedia":[{"embeddable":true,"href":"https:\/\/nannosuromastyxs.net\/index.php?rest_route=\/wp\/v2\/media\/307"}],"wp:attachment":[{"href":"https:\/\/nannosuromastyxs.net\/index.php?rest_route=%2Fwp%2Fv2%2Fmedia&parent=115"}],"curies":[{"name":"wp","href":"https:\/\/api.w.org\/{rel}","templated":true}]}}