{"id":46,"date":"2023-12-06T08:31:30","date_gmt":"2023-12-06T08:31:30","guid":{"rendered":"https:\/\/nannosuromastyxs.net\/?page_id=46"},"modified":"2023-12-08T15:44:54","modified_gmt":"2023-12-08T15:44:54","slug":"etusivu","status":"publish","type":"page","link":"https:\/\/nannosuromastyxs.net\/","title":{"rendered":"Etusivu"},"content":{"rendered":"\n<p>Tervetuloa Uromastyx-suvun liskoihin eli piikkih\u00e4nt\u00e4agamiin keskittyneille kotisivuilleni. Sivuilta l\u00f6yd\u00e4t lis\u00e4ksi tietoa Pristurus carteri gekoista sek\u00e4 yleisesti matelijoiden terraarioiden valaistuksesta.<\/p>\n\n\n\n<p>Sivujen p\u00e4\u00e4asiallisena tarkoituksena on kertoa mahdollisimman kattavasti Uromastyx-suvun liskojen pit\u00e4misest\u00e4 terraarioissa k\u00e4ytt\u00e4en pohjana sek\u00e4 tieteellisi\u00e4 tutkimuksia ett\u00e4 omia ja muiden pitk\u00e4n linjan harrastajien kokemuksia. Pyrin perustamaan hoito-ohjesuositukseni aina konkreettiseen tietoon, mutta koska etologista tutkimustietoa on valitettavan v\u00e4h\u00e4n ylip\u00e4\u00e4t\u00e4\u00e4n matelijoista saatavilla, eiv\u00e4t ohjeet ole aukottomia ja mielipide-eroja l\u00f6ytyy varmasti. T\u00e4m\u00e4 my\u00f6s tarkoittaa sit\u00e4, ett\u00e4 p\u00e4ivit\u00e4n ohjeistuksia aina tiedon lis\u00e4\u00e4ntyess\u00e4, eli ruokintaohjeistukset tai vaikkapa terraarion valaisemisen ohjeet voivat el\u00e4\u00e4 laajastikin. Koko harrastuksen tavoitteena kun kuitenkin on sek\u00e4 ruumiiltaan ett\u00e4 mielelt\u00e4\u00e4n hyvinvoiva el\u00e4in, ja se onnistuu parhaiten p\u00e4ivitt\u00e4m\u00e4ll\u00e4 jatkuvasti omaa osaamistaan. <\/p>\n\n\n\n<figure class=\"wp-block-pullquote is-style-plain has-neve-text-color-color has-nv-light-bg-background-color has-text-color has-background has-link-color wp-elements-3803018fc6bccec7fd44fc2da272c294\" style=\"font-size:13px\"><blockquote><p><em><sub>Tiedon avulla voi parantaa paitsi el\u00e4inten hyvinvointia my\u00f6s omistajan ja el\u00e4inten v\u00e4list\u00e4 suhdetta. Samalla el\u00e4inten havainnoimisesta tulee entist\u00e4 rikastuttavampi kokemus.<\/sub><\/em><\/p><cite>Helena Telk\u00e4nranta, Millaista on olla lemmikki?-kirja, 2023<\/cite><\/blockquote><\/figure>\n","protected":false},"excerpt":{"rendered":"<p>Tervetuloa Uromastyx-suvun liskoihin eli piikkih\u00e4nt\u00e4agamiin keskittyneille kotisivuilleni. Sivuilta l\u00f6yd\u00e4t lis\u00e4ksi tietoa Pristurus carteri gekoista sek\u00e4 yleisesti matelijoiden terraarioiden valaistuksesta. Sivujen p\u00e4\u00e4asiallisena tarkoituksena on kertoa mahdollisimman kattavasti Uromastyx-suvun liskojen pit\u00e4misest\u00e4 terraarioissa k\u00e4ytt\u00e4en pohjana sek\u00e4 tieteellisi\u00e4 tutkimuksia ett\u00e4 omia ja muiden pitk\u00e4n linjan harrastajien kokemuksia. Pyrin perustamaan hoito-ohjesuositukseni aina konkreettiseen tietoon, mutta koska etologista tutkimustietoa on valitettavan&hellip;&nbsp;<a href=\"https:\/\/nannosuromastyxs.net\/\" rel=\"bookmark\">Lue lis\u00e4\u00e4 &raquo;<span class=\"screen-reader-text\">Etusivu<\/span><\/a><\/p>\n","protected":false},"author":1,"featured_media":145,"parent":0,"menu_order":0,"comment_status":"closed","ping_status":"closed","template":"","meta":{"neve_meta_sidebar":"","neve_meta_container":"","neve_meta_enable_content_width":"","neve_meta_content_width":0,"neve_meta_title_alignment":"","neve_meta_author_avatar":"","neve_post_elements_order":"","neve_meta_disable_header":"","neve_meta_disable_footer":"","neve_meta_disable_title":"","footnotes":""},"class_list":["post-46","page","type-page","status-publish","has-post-thumbnail","hentry"],"jetpack_sharing_enabled":true,"_links":{"self":[{"href":"https:\/\/nannosuromastyxs.net\/index.php?rest_route=\/wp\/v2\/pages\/46","targetHints":{"allow":["GET"]}}],"collection":[{"href":"https:\/\/nannosuromastyxs.net\/index.php?rest_route=\/wp\/v2\/pages"}],"about":[{"href":"https:\/\/nannosuromastyxs.net\/index.php?rest_route=\/wp\/v2\/types\/page"}],"author":[{"embeddable":true,"href":"https:\/\/nannosuromastyxs.net\/index.php?rest_route=\/wp\/v2\/users\/1"}],"replies":[{"embeddable":true,"href":"https:\/\/nannosuromastyxs.net\/index.php?rest_route=%2Fwp%2Fv2%2Fcomments&post=46"}],"version-history":[{"count":9,"href":"https:\/\/nannosuromastyxs.net\/index.php?rest_route=\/wp\/v2\/pages\/46\/revisions"}],"predecessor-version":[{"id":207,"href":"https:\/\/nannosuromastyxs.net\/index.php?rest_route=\/wp\/v2\/pages\/46\/revisions\/207"}],"wp:featuredmedia":[{"embeddable":true,"href":"https:\/\/nannosuromastyxs.net\/index.php?rest_route=\/wp\/v2\/media\/145"}],"wp:attachment":[{"href":"https:\/\/nannosuromastyxs.net\/index.php?rest_route=%2Fwp%2Fv2%2Fmedia&parent=46"}],"curies":[{"name":"wp","href":"https:\/\/api.w.org\/{rel}","templated":true}]}}